{"id":34,"date":"2021-11-03T02:30:49","date_gmt":"2021-11-03T02:30:49","guid":{"rendered":"https:\/\/www.takiora.co.nz\/?page_id=34"},"modified":"2021-11-04T18:47:08","modified_gmt":"2021-11-04T18:47:08","slug":"what-takiora-can-help-with","status":"publish","type":"page","link":"https:\/\/www.takiora.co.nz\/index.php\/what-takiora-can-help-with\/","title":{"rendered":"Services \/ Whakaratonga"},"content":{"rendered":"\n<p><\/p>\n\n\n\n<p>We can help with:<\/p>\n\n\n\n<p>Treaty Education<\/p>\n\n\n\n<p> Composing personalised karakia or prayer, and creating and delivering upon ritual <\/p>\n\n\n\n<p>Cultural Supervision: team or individual<\/p>\n\n\n\n<p>Cultural advice and support<\/p>\n\n\n\n<p>Mentorship in Te Reo and things M\u0101ori<\/p>\n\n\n\n<p>Translation<\/p>\n\n\n\n<p>Curriculum development<\/p>\n\n\n\n<p> Helping people become more aware of P\u0101keh\u0101 culture is also a passion of ours. This can help to understand M\u0101ori culture more clearly, and vice versa in the process of becoming more culturally competent <\/p>\n","protected":false},"excerpt":{"rendered":"<p>We can help with: Treaty Education Composing personalised karakia or prayer, and creating and delivering upon ritual Cultural Supervision: team or individual Cultural advice and support Mentorship in Te Reo&hellip;<a href=\"https:\/\/www.takiora.co.nz\/index.php\/what-takiora-can-help-with\/\" class=\"more-link\"><span class=\"more-button\">Continue reading<span class=\"screen-reader-text\">Services \/ Whakaratonga<\/span><\/span><\/a><\/p>\n","protected":false},"author":3,"featured_media":0,"parent":0,"menu_order":0,"comment_status":"closed","ping_status":"closed","template":"","meta":{"footnotes":""},"class_list":["post-34","page","type-page","status-publish","hentry"],"_links":{"self":[{"href":"https:\/\/www.takiora.co.nz\/index.php\/wp-json\/wp\/v2\/pages\/34","targetHints":{"allow":["GET"]}}],"collection":[{"href":"https:\/\/www.takiora.co.nz\/index.php\/wp-json\/wp\/v2\/pages"}],"about":[{"href":"https:\/\/www.takiora.co.nz\/index.php\/wp-json\/wp\/v2\/types\/page"}],"author":[{"embeddable":true,"href":"https:\/\/www.takiora.co.nz\/index.php\/wp-json\/wp\/v2\/users\/3"}],"replies":[{"embeddable":true,"href":"https:\/\/www.takiora.co.nz\/index.php\/wp-json\/wp\/v2\/comments?post=34"}],"version-history":[{"count":6,"href":"https:\/\/www.takiora.co.nz\/index.php\/wp-json\/wp\/v2\/pages\/34\/revisions"}],"predecessor-version":[{"id":62,"href":"https:\/\/www.takiora.co.nz\/index.php\/wp-json\/wp\/v2\/pages\/34\/revisions\/62"}],"wp:attachment":[{"href":"https:\/\/www.takiora.co.nz\/index.php\/wp-json\/wp\/v2\/media?parent=34"}],"curies":[{"name":"wp","href":"https:\/\/api.w.org\/{rel}","templated":true}]}}