{"id":27,"date":"2021-11-03T02:19:21","date_gmt":"2021-11-03T02:19:21","guid":{"rendered":"https:\/\/www.takiora.co.nz\/?page_id=27"},"modified":"2025-09-07T12:36:26","modified_gmt":"2025-09-07T00:36:26","slug":"people","status":"publish","type":"page","link":"https:\/\/www.takiora.co.nz\/index.php\/people\/","title":{"rendered":"People \/ Ng\u0101 tangata"},"content":{"rendered":"\n<p>James Barnes is of P\u0101keh\u0101 decent, with cultural links to the Wairarapa,  Waikato, Auckland and Tauranga.\u00a0James grew up speaking M\u0101ori from a infant through the K\u014dhanga Reo and Kura Kaupapa M\u0101ori , M\u0101ori medium schooling. James has completed a masters in the M\u0101ori language about composition.<\/p>\n\n\n\n<p> Currently residing in Kirikiriroa\/Hamilton, James has worked as a Cultural Supervisor, Treaty of Waitangi and M\u0101ori Cultural Educator.<\/p>\n\n\n\n<p><\/p>\n","protected":false},"excerpt":{"rendered":"<p>James Barnes is of P\u0101keh\u0101 decent, with cultural links to the Wairarapa, Waikato, Auckland and Tauranga.\u00a0James grew up speaking M\u0101ori from a infant through the K\u014dhanga Reo and Kura Kaupapa&hellip;<a href=\"https:\/\/www.takiora.co.nz\/index.php\/people\/\" class=\"more-link\"><span class=\"more-button\">Continue reading<span class=\"screen-reader-text\">People \/ Ng\u0101 tangata<\/span><\/span><\/a><\/p>\n","protected":false},"author":3,"featured_media":0,"parent":0,"menu_order":0,"comment_status":"closed","ping_status":"closed","template":"","meta":{"footnotes":""},"class_list":["post-27","page","type-page","status-publish","hentry"],"_links":{"self":[{"href":"https:\/\/www.takiora.co.nz\/index.php\/wp-json\/wp\/v2\/pages\/27","targetHints":{"allow":["GET"]}}],"collection":[{"href":"https:\/\/www.takiora.co.nz\/index.php\/wp-json\/wp\/v2\/pages"}],"about":[{"href":"https:\/\/www.takiora.co.nz\/index.php\/wp-json\/wp\/v2\/types\/page"}],"author":[{"embeddable":true,"href":"https:\/\/www.takiora.co.nz\/index.php\/wp-json\/wp\/v2\/users\/3"}],"replies":[{"embeddable":true,"href":"https:\/\/www.takiora.co.nz\/index.php\/wp-json\/wp\/v2\/comments?post=27"}],"version-history":[{"count":6,"href":"https:\/\/www.takiora.co.nz\/index.php\/wp-json\/wp\/v2\/pages\/27\/revisions"}],"predecessor-version":[{"id":226,"href":"https:\/\/www.takiora.co.nz\/index.php\/wp-json\/wp\/v2\/pages\/27\/revisions\/226"}],"wp:attachment":[{"href":"https:\/\/www.takiora.co.nz\/index.php\/wp-json\/wp\/v2\/media?parent=27"}],"curies":[{"name":"wp","href":"https:\/\/api.w.org\/{rel}","templated":true}]}}