{"id":121,"date":"2025-05-30T06:10:43","date_gmt":"2025-05-30T06:10:43","guid":{"rendered":"https:\/\/www.takiora.co.nz\/?page_id=121"},"modified":"2025-10-13T09:14:06","modified_gmt":"2025-10-12T20:14:06","slug":"blog","status":"publish","type":"page","link":"https:\/\/www.takiora.co.nz\/index.php\/blog\/","title":{"rendered":"Blog \/ Rangitaki"},"content":{"rendered":"<ul class=\"wp-block-latest-posts__list wp-block-latest-posts\"><li><a class=\"wp-block-latest-posts__post-title\" href=\"https:\/\/www.takiora.co.nz\/index.php\/2026\/01\/25\/the-spider-the-tide-and-this-years-election\/\">The Spider, the Tide, and This Year\u2019s Election<\/a><\/li>\n<li><a class=\"wp-block-latest-posts__post-title\" href=\"https:\/\/www.takiora.co.nz\/index.php\/2025\/10\/22\/in-support-of-tino-rangatiratanga\/\">In Support of Tino Rangatiratanga<\/a><\/li>\n<li><a class=\"wp-block-latest-posts__post-title\" href=\"https:\/\/www.takiora.co.nz\/index.php\/2025\/09\/06\/te-whaikorero-speech-making\/\">Te Whaik\u014drero (Speech Making)<\/a><\/li>\n<li><a class=\"wp-block-latest-posts__post-title\" href=\"https:\/\/www.takiora.co.nz\/index.php\/2025\/08\/26\/te-reo-maori-and-me-a-short-history\/\">Te Reo M\u0101ori and Me: A Short History<\/a><\/li>\n<li><a class=\"wp-block-latest-posts__post-title\" href=\"https:\/\/www.takiora.co.nz\/index.php\/2025\/08\/24\/a-moko-on-the-street\/\">A Moko On The Street<\/a><\/li>\n<li><a class=\"wp-block-latest-posts__post-title\" href=\"https:\/\/www.takiora.co.nz\/index.php\/2025\/08\/21\/he-taki-korero-quick-takes-from-40-years-living-within-maori-and-pakeha-culture\/\">He Taki K\u014drero: Quick Takes from 40 Years Living within M\u0101ori and P\u0101keh\u0101 Culture<\/a><\/li>\n<li><a class=\"wp-block-latest-posts__post-title\" href=\"https:\/\/www.takiora.co.nz\/index.php\/2025\/08\/11\/the-problem-with-the-term-tangata-tiriti\/\">The Problem With The Term Tangata Tiriti<\/a><\/li>\n<li><a class=\"wp-block-latest-posts__post-title\" href=\"https:\/\/www.takiora.co.nz\/index.php\/2025\/06\/02\/culture-vs-class\/\">Culture vs Class<\/a><\/li>\n<li><a class=\"wp-block-latest-posts__post-title\" href=\"https:\/\/www.takiora.co.nz\/index.php\/2025\/05\/30\/a-take-on-the-economy-from-a-socialist-and-maori-perspective\/\">A  Take On The Economy From a Socialist and M\u0101ori Perspective<\/a><\/li>\n<\/ul>\n\n\n<p><\/p>\n","protected":false},"excerpt":{"rendered":"","protected":false},"author":3,"featured_media":0,"parent":0,"menu_order":0,"comment_status":"closed","ping_status":"closed","template":"","meta":{"footnotes":""},"class_list":["post-121","page","type-page","status-publish","hentry"],"_links":{"self":[{"href":"https:\/\/www.takiora.co.nz\/index.php\/wp-json\/wp\/v2\/pages\/121","targetHints":{"allow":["GET"]}}],"collection":[{"href":"https:\/\/www.takiora.co.nz\/index.php\/wp-json\/wp\/v2\/pages"}],"about":[{"href":"https:\/\/www.takiora.co.nz\/index.php\/wp-json\/wp\/v2\/types\/page"}],"author":[{"embeddable":true,"href":"https:\/\/www.takiora.co.nz\/index.php\/wp-json\/wp\/v2\/users\/3"}],"replies":[{"embeddable":true,"href":"https:\/\/www.takiora.co.nz\/index.php\/wp-json\/wp\/v2\/comments?post=121"}],"version-history":[{"count":5,"href":"https:\/\/www.takiora.co.nz\/index.php\/wp-json\/wp\/v2\/pages\/121\/revisions"}],"predecessor-version":[{"id":240,"href":"https:\/\/www.takiora.co.nz\/index.php\/wp-json\/wp\/v2\/pages\/121\/revisions\/240"}],"wp:attachment":[{"href":"https:\/\/www.takiora.co.nz\/index.php\/wp-json\/wp\/v2\/media?parent=121"}],"curies":[{"name":"wp","href":"https:\/\/api.w.org\/{rel}","templated":true}]}}